{"id":657,"date":"2025-01-14T08:00:40","date_gmt":"2025-01-14T08:00:40","guid":{"rendered":"http:\/\/www2.utm.edu.mo\/utmcafe\/?page_id=657"},"modified":"2026-04-08T01:18:12","modified_gmt":"2026-04-08T01:18:12","slug":"utm-cafe","status":"publish","type":"page","link":"http:\/\/www2.utm.edu.mo\/utmcafe\/","title":{"rendered":"UTM Caf\u00e9"},"content":{"rendered":"\n<figure class=\"wp-block-gallery has-nested-images columns-default is-cropped wp-block-gallery-1 is-layout-flex wp-block-gallery-is-layout-flex\"><\/figure>\n\n\n\n<figure class=\"wp-block-gallery has-nested-images columns-default is-cropped wp-block-gallery-2 is-layout-flex wp-block-gallery-is-layout-flex\"><\/figure>\n\n\n\n<figure class=\"wp-block-gallery has-nested-images columns-default is-cropped wp-block-gallery-3 is-layout-flex wp-block-gallery-is-layout-flex\"><\/figure>\n\n\n<div class=\"wp-block-image\">\n<figure class=\"aligncenter size-large\"><img loading=\"lazy\" decoding=\"async\" width=\"1024\" height=\"1024\" src=\"http:\/\/www2.utm.edu.mo\/utmcafe\/wp-content\/uploads\/2026\/03\/260302-Launch-mFood-1024x1024.jpg\" alt=\"\" class=\"wp-image-963\" srcset=\"http:\/\/www2.utm.edu.mo\/utmcafe\/wp-content\/uploads\/2026\/03\/260302-Launch-mFood-1024x1024.jpg 1024w, http:\/\/www2.utm.edu.mo\/utmcafe\/wp-content\/uploads\/2026\/03\/260302-Launch-mFood-300x300.jpg 300w, http:\/\/www2.utm.edu.mo\/utmcafe\/wp-content\/uploads\/2026\/03\/260302-Launch-mFood-150x150.jpg 150w, http:\/\/www2.utm.edu.mo\/utmcafe\/wp-content\/uploads\/2026\/03\/260302-Launch-mFood-768x768.jpg 768w, http:\/\/www2.utm.edu.mo\/utmcafe\/wp-content\/uploads\/2026\/03\/260302-Launch-mFood.jpg 1080w\" sizes=\"auto, (max-width: 1024px) 100vw, 1024px\" \/><\/figure><\/div>\n\n<div class=\"wp-block-image\">\n<figure class=\"aligncenter size-full\"><img loading=\"lazy\" decoding=\"async\" width=\"2560\" height=\"1707\" src=\"http:\/\/www2.utm.edu.mo\/utmcafe\/wp-content\/uploads\/2025\/01\/UTM-Cafe-facade-scaled.jpg\" alt=\"\" class=\"wp-image-658\" srcset=\"http:\/\/www2.utm.edu.mo\/utmcafe\/wp-content\/uploads\/2025\/01\/UTM-Cafe-facade-scaled.jpg 2560w, http:\/\/www2.utm.edu.mo\/utmcafe\/wp-content\/uploads\/2025\/01\/UTM-Cafe-facade-300x200.jpg 300w, http:\/\/www2.utm.edu.mo\/utmcafe\/wp-content\/uploads\/2025\/01\/UTM-Cafe-facade-1024x683.jpg 1024w, http:\/\/www2.utm.edu.mo\/utmcafe\/wp-content\/uploads\/2025\/01\/UTM-Cafe-facade-768x512.jpg 768w, http:\/\/www2.utm.edu.mo\/utmcafe\/wp-content\/uploads\/2025\/01\/UTM-Cafe-facade-1536x1024.jpg 1536w, http:\/\/www2.utm.edu.mo\/utmcafe\/wp-content\/uploads\/2025\/01\/UTM-Cafe-facade-2048x1365.jpg 2048w\" sizes=\"auto, (max-width: 2560px) 100vw, 2560px\" \/><\/figure><\/div>\n\n\n<blockquote class=\"wp-block-quote is-layout-flow wp-block-quote-is-layout-flow\">\n<p><\/p>\n<cite>The UTM Caf\u00e9 represents the newest Food and Beverage establishment on the Mong-H\u00e1 campus, where students play a leading role in providing casual and delicious lunches. The caf\u00e9 features a cozy and modern interior, creating a welcoming and pleasant atmosphere. Freshly prepared food and friendly interactions form the essence of UTM Cafe, rendering it an ideal place to unwind and savor a meal amidst the lively ambiance of student life.<\/cite><\/blockquote>\n","protected":false},"excerpt":{"rendered":"<p>The UTM Caf\u00e9 represents the newest Food and Beverage es &#8230; <a title=\"UTM Caf\u00e9\" class=\"read-more\" href=\"http:\/\/www2.utm.edu.mo\/utmcafe\/\" aria-label=\"Read more about UTM Caf\u00e9\">\u95b1\u8b80\u66f4\u591a<\/a><\/p>\n","protected":false},"author":1,"featured_media":0,"parent":0,"menu_order":0,"comment_status":"closed","ping_status":"closed","template":"","meta":{"om_disable_all_campaigns":false,"footnotes":""},"class_list":["post-657","page","type-page","status-publish"],"_links":{"self":[{"href":"http:\/\/www2.utm.edu.mo\/utmcafe\/index.php?rest_route=\/wp\/v2\/pages\/657","targetHints":{"allow":["GET"]}}],"collection":[{"href":"http:\/\/www2.utm.edu.mo\/utmcafe\/index.php?rest_route=\/wp\/v2\/pages"}],"about":[{"href":"http:\/\/www2.utm.edu.mo\/utmcafe\/index.php?rest_route=\/wp\/v2\/types\/page"}],"author":[{"embeddable":true,"href":"http:\/\/www2.utm.edu.mo\/utmcafe\/index.php?rest_route=\/wp\/v2\/users\/1"}],"replies":[{"embeddable":true,"href":"http:\/\/www2.utm.edu.mo\/utmcafe\/index.php?rest_route=%2Fwp%2Fv2%2Fcomments&post=657"}],"version-history":[{"count":46,"href":"http:\/\/www2.utm.edu.mo\/utmcafe\/index.php?rest_route=\/wp\/v2\/pages\/657\/revisions"}],"predecessor-version":[{"id":1039,"href":"http:\/\/www2.utm.edu.mo\/utmcafe\/index.php?rest_route=\/wp\/v2\/pages\/657\/revisions\/1039"}],"wp:attachment":[{"href":"http:\/\/www2.utm.edu.mo\/utmcafe\/index.php?rest_route=%2Fwp%2Fv2%2Fmedia&parent=657"}],"curies":[{"name":"wp","href":"https:\/\/api.w.org\/{rel}","templated":true}]}}